{"id":40,"date":"2020-03-01T13:37:40","date_gmt":"2020-03-01T13:37:40","guid":{"rendered":"https:\/\/www.roanfashion.nl\/?page_id=40"},"modified":"2024-10-03T15:43:38","modified_gmt":"2024-10-03T15:43:38","slug":"services","status":"publish","type":"page","link":"https:\/\/www.roanfashion.nl\/index.php\/services\/","title":{"rendered":"Services"},"content":{"rendered":"\n\t<section class=\"section has-parallax\" id=\"section_878667488\">\n\t\t<div class=\"section-bg fill\" data-parallax-container=\".section\" data-parallax-background data-parallax=\"-6\">\n\t\t\t<img loading=\"lazy\" decoding=\"async\" width=\"2560\" height=\"1707\" src=\"https:\/\/www.roanfashion.nl\/wp-content\/uploads\/2020\/03\/achtergrond-scaled.jpg\" class=\"bg attachment- size-\" alt=\"\" \/>\t\t\t\t\t\t<div class=\"section-bg-overlay absolute fill\"><\/div>\n\t\t\t\n\n\t\t<\/div>\n\n\t\t\n\n\t\t<div class=\"section-content relative\">\n\t\t\t\n\t\t<\/div>\n\n\t\t\n<style>\n#section_878667488 {\n  padding-top: 30px;\n  padding-bottom: 30px;\n  min-height: 350px;\n  background-color: #82692b;\n}\n#section_878667488 .section-bg-overlay {\n  background-color: rgba(130, 105, 43, 0.32);\n}\n#section_878667488 .section-bg img {\n  object-position: 51% 37%;\n}\n<\/style>\n\t<\/section>\n\t\n<div class=\"row\"  id=\"row-1036811884\">\n\n\t<div id=\"col-765078635\" class=\"col medium-8 small-12 large-8\"  >\n\t\t\t\t<div class=\"col-inner\"  >\n\t\t\t\n\t\t\t\n<h2 data-animate=\"fadeIn\"><strong>Online bestellen<\/strong><\/h2>\n<p data-animate=\"fadeIn\">Heb je een mooi fashion item gezien op onze Instagram pagina? Stuur dan een persoonlijk bericht via Instagram met onderstaande informatie:<\/p>\n<ul>\n<li>Welk fashion item heb je gezien? Dan is het handig om een foto of printscreen van het item mee te sturen in de DM.<\/li>\n<li>Welke maat wil je hebben? (omdat we veel Scandinavische en Nederlandse brands hebben, vallen ze vaak precies zoals de maat hoort te zitten, maat 38\/M is hier ook echt een 38\/M).<\/li>\n<li>Het adres waar wij de kleding naartoe kunnen sturen.<\/li>\n<\/ul>\n<p data-animate=\"fadeIn\">Je ontvangt van ons een DM terug met daarin de betaalinstructies. Zodra de betaling bij ons binnen is, sturen wij het vanaf\u00a0 \u20ac 70.- GRATIS op.<\/p>\n<h2 data-animate=\"fadeIn\" data-animate-delay=\"400\"><strong>Personal Shopping?<\/strong><\/h2>\n<p data-animate=\"fadeIn\" data-animate-delay=\"400\">Heb je een drukke baan of even geen tijd? En vind je het juist fijn om \u00e9\u00e9n-op-\u00e9\u00e9n advies te krijgen, van \u00e9\u00e9n van onze stylistes? Dan helpen wij jou graag op een moment dat het jou past. Maak dan een afspraak met ons via de mail: <a href=\"mailto:info@roanfashion.nl\">info@roanfashion.nl<\/a> .<\/p>\n<h2 data-animate=\"fadeIn\" data-animate-delay=\"800\"><strong>Retour<\/strong><\/h2>\n<p data-animate=\"fadeIn\" data-animate-delay=\"800\">Ruilen kan, binnen 8 dagen op vertoon van je aankoop bon. Wij geven altijd\u00a0 geld terug, of een tegoedbon. Deze is een jaar geldig. Een retour kan ook per post verstuurd worden. Vergeet dan niet de bon erbij te doen, jij bepaalt.<\/p>\n\t\t<\/div>\n\t\t\t\t\t<\/div>\n\n\t\n\n\t<div id=\"col-2133820448\" class=\"col medium-4 small-12 large-4\"  >\n\t\t\t\t<div class=\"col-inner\"  >\n\t\t\t\n\t\t\t\n\t<div id=\"gap-1278772996\" class=\"gap-element clearfix\" style=\"display:block; height:auto;\">\n\t\t\n<style>\n#gap-1278772996 {\n  padding-top: 30px;\n}\n<\/style>\n\t<\/div>\n\t\n\t<div id=\"gap-1509733264\" class=\"gap-element clearfix\" style=\"display:block; height:auto;\">\n\t\t\n<style>\n#gap-1509733264 {\n  padding-top: 30px;\n}\n<\/style>\n\t<\/div>\n\t\n\t\t<\/div>\n\t\t\t\t\t<\/div>\n\n\t\n<\/div>\n\t<div id=\"gap-105035724\" class=\"gap-element clearfix\" style=\"display:block; height:auto;\">\n\t\t\n<style>\n#gap-105035724 {\n  padding-top: 50px;\n}\n<\/style>\n\t<\/div>\n\t\n","protected":false},"excerpt":{"rendered":"","protected":false},"author":1,"featured_media":4236,"parent":0,"menu_order":0,"comment_status":"closed","ping_status":"closed","template":"page-blank.php","meta":{"footnotes":""},"class_list":["post-40","page","type-page","status-publish","has-post-thumbnail","hentry"],"_links":{"self":[{"href":"https:\/\/www.roanfashion.nl\/index.php\/wp-json\/wp\/v2\/pages\/40","targetHints":{"allow":["GET"]}}],"collection":[{"href":"https:\/\/www.roanfashion.nl\/index.php\/wp-json\/wp\/v2\/pages"}],"about":[{"href":"https:\/\/www.roanfashion.nl\/index.php\/wp-json\/wp\/v2\/types\/page"}],"author":[{"embeddable":true,"href":"https:\/\/www.roanfashion.nl\/index.php\/wp-json\/wp\/v2\/users\/1"}],"replies":[{"embeddable":true,"href":"https:\/\/www.roanfashion.nl\/index.php\/wp-json\/wp\/v2\/comments?post=40"}],"version-history":[{"count":61,"href":"https:\/\/www.roanfashion.nl\/index.php\/wp-json\/wp\/v2\/pages\/40\/revisions"}],"predecessor-version":[{"id":11708,"href":"https:\/\/www.roanfashion.nl\/index.php\/wp-json\/wp\/v2\/pages\/40\/revisions\/11708"}],"wp:featuredmedia":[{"embeddable":true,"href":"https:\/\/www.roanfashion.nl\/index.php\/wp-json\/wp\/v2\/media\/4236"}],"wp:attachment":[{"href":"https:\/\/www.roanfashion.nl\/index.php\/wp-json\/wp\/v2\/media?parent=40"}],"curies":[{"name":"wp","href":"https:\/\/api.w.org\/{rel}","templated":true}]}}